{"id":967,"date":"2025-12-11T16:38:56","date_gmt":"2025-12-11T22:38:56","guid":{"rendered":"https:\/\/rdjproject.com\/?page_id=967"},"modified":"2026-03-18T14:25:04","modified_gmt":"2026-03-18T20:25:04","slug":"proyectos","status":"publish","type":"page","link":"https:\/\/rdjproject.com\/en\/proyectos\/","title":{"rendered":"Projects"},"content":{"rendered":"\n<div class=\"wp-block-query is-layout-flow wp-block-query-is-layout-flow\"><ul style=\"border-style:none;border-width:0px;\" class=\"columns-3 wp-block-post-template is-layout-grid wp-container-core-post-template-is-layout-96bd1808 wp-block-post-template-is-layout-grid\"><li class=\"wp-block-post post-1221 post type-post status-publish format-standard has-post-thumbnail hentry category-portafolio tag-portafolio\">\n<figure class=\"alignwide wp-block-post-featured-image\"><a href=\"https:\/\/rdjproject.com\/en\/refugio-bella-vista-diseno-direccion-obra-costa-rica\/\" target=\"_self\"  ><img loading=\"lazy\" decoding=\"async\" width=\"1536\" height=\"1024\" src=\"https:\/\/rdjproject.com\/wp-content\/uploads\/2026\/02\/FRENTE-A-CUARO.png\" class=\"attachment-post-thumbnail size-post-thumbnail wp-post-image\" alt=\"Refugio Bella Vista\" style=\"border-top-left-radius:15px;border-top-right-radius:15px;border-bottom-left-radius:15px;border-bottom-right-radius:15px;object-fit:cover;\" srcset=\"https:\/\/rdjproject.com\/wp-content\/uploads\/2026\/02\/FRENTE-A-CUARO.png 1536w, https:\/\/rdjproject.com\/wp-content\/uploads\/2026\/02\/FRENTE-A-CUARO-300x200.png 300w, https:\/\/rdjproject.com\/wp-content\/uploads\/2026\/02\/FRENTE-A-CUARO-1024x683.png 1024w, https:\/\/rdjproject.com\/wp-content\/uploads\/2026\/02\/FRENTE-A-CUARO-768x512.png 768w, https:\/\/rdjproject.com\/wp-content\/uploads\/2026\/02\/FRENTE-A-CUARO-18x12.png 18w\" sizes=\"auto, (max-width: 1536px) 100vw, 1536px\" \/><\/a><\/figure>\n\n<h3 class=\"wp-block-post-title\"><a href=\"https:\/\/rdjproject.com\/en\/refugio-bella-vista-diseno-direccion-obra-costa-rica\/\" target=\"_self\" >Refugio Bella Vista<\/a><\/h3>\n\n<div class=\"wp-block-post-excerpt\"><p class=\"wp-block-post-excerpt__excerpt\">Nombre del proyecto: Refugio Bella VistaUbicaci\u00f3n: Zona rural, San Jos\u00e9, Costa RicaPeriodo: No divulgableCliente: ConfidencialRol: Arquitecto y Project Manager (PMP)Fases: [&hellip;] <\/p><\/div>\n\n\n<hr class=\"wp-block-separator has-css-opacity\"\/>\n\n<\/li><li class=\"wp-block-post post-1035 post type-post status-publish format-standard has-post-thumbnail hentry category-portafolio tag-portafolio\">\n<figure class=\"alignwide wp-block-post-featured-image\"><a href=\"https:\/\/rdjproject.com\/en\/microvention-fase-3-coyol-gestion-bim\/\" target=\"_self\"  ><img loading=\"lazy\" decoding=\"async\" width=\"1024\" height=\"768\" src=\"https:\/\/rdjproject.com\/wp-content\/uploads\/2025\/12\/Microvention-Fase-3-4-1024x768-1.png\" class=\"attachment-post-thumbnail size-post-thumbnail wp-post-image\" alt=\"Microvention Fase III\" style=\"border-top-left-radius:15px;border-top-right-radius:15px;border-bottom-left-radius:15px;border-bottom-right-radius:15px;object-fit:cover;\" srcset=\"https:\/\/rdjproject.com\/wp-content\/uploads\/2025\/12\/Microvention-Fase-3-4-1024x768-1.png 1024w, https:\/\/rdjproject.com\/wp-content\/uploads\/2025\/12\/Microvention-Fase-3-4-1024x768-1-300x225.png 300w, https:\/\/rdjproject.com\/wp-content\/uploads\/2025\/12\/Microvention-Fase-3-4-1024x768-1-768x576.png 768w, https:\/\/rdjproject.com\/wp-content\/uploads\/2025\/12\/Microvention-Fase-3-4-1024x768-1-16x12.png 16w\" sizes=\"auto, (max-width: 1024px) 100vw, 1024px\" \/><\/a><\/figure>\n\n<h3 class=\"wp-block-post-title\"><a href=\"https:\/\/rdjproject.com\/en\/microvention-fase-3-coyol-gestion-bim\/\" target=\"_self\" >Microvention Fase III<\/a><\/h3>\n\n<div class=\"wp-block-post-excerpt\"><p class=\"wp-block-post-excerpt__excerpt\">Nombre del proyecto: Microvention Fase IIIUbicaci\u00f3n: Coyol, Alajuela, Costa RicaPeriodo: 2021 a 2021Cliente: Coyol FZRol: Arquitecto y Project Manager (PMP)Fases: [&hellip;] <\/p><\/div>\n\n\n<hr class=\"wp-block-separator has-css-opacity\"\/>\n\n<\/li><li class=\"wp-block-post post-1039 post type-post status-publish format-standard has-post-thumbnail hentry category-portafolio tag-portafolio\">\n<figure class=\"alignwide wp-block-post-featured-image\"><a href=\"https:\/\/rdjproject.com\/en\/logistica-bodegas-e-industria-ligera\/\" target=\"_self\"  ><img loading=\"lazy\" decoding=\"async\" width=\"2048\" height=\"1152\" src=\"https:\/\/rdjproject.com\/wp-content\/uploads\/2025\/12\/104483101_2887985624660936_2610312161585081689_n.jpg\" class=\"attachment-post-thumbnail size-post-thumbnail wp-post-image\" alt=\"Almacenes industriales Multitenant II\" style=\"border-top-left-radius:15px;border-top-right-radius:15px;border-bottom-left-radius:15px;border-bottom-right-radius:15px;object-fit:cover;\" srcset=\"https:\/\/rdjproject.com\/wp-content\/uploads\/2025\/12\/104483101_2887985624660936_2610312161585081689_n.jpg 2048w, https:\/\/rdjproject.com\/wp-content\/uploads\/2025\/12\/104483101_2887985624660936_2610312161585081689_n-300x169.jpg 300w, https:\/\/rdjproject.com\/wp-content\/uploads\/2025\/12\/104483101_2887985624660936_2610312161585081689_n-1024x576.jpg 1024w, https:\/\/rdjproject.com\/wp-content\/uploads\/2025\/12\/104483101_2887985624660936_2610312161585081689_n-768x432.jpg 768w, https:\/\/rdjproject.com\/wp-content\/uploads\/2025\/12\/104483101_2887985624660936_2610312161585081689_n-1536x864.jpg 1536w, https:\/\/rdjproject.com\/wp-content\/uploads\/2025\/12\/104483101_2887985624660936_2610312161585081689_n-18x10.jpg 18w\" sizes=\"auto, (max-width: 2048px) 100vw, 2048px\" \/><\/a><\/figure>\n\n<h3 class=\"wp-block-post-title\"><a href=\"https:\/\/rdjproject.com\/en\/logistica-bodegas-e-industria-ligera\/\" target=\"_self\" >Almacenes industriales Multitenant II<\/a><\/h3>\n\n<div class=\"wp-block-post-excerpt\"><p class=\"wp-block-post-excerpt__excerpt\">Tipo de proyecto: bodegas industriales \u201ccore and shell\u201dUbicaci\u00f3n: Lima, CartagoA\u00f1os: 2019\u20132020Rol: coordinaci\u00f3n de informaci\u00f3n y Construction BIM site coordinator Qu\u00e9 [&hellip;] <\/p><\/div>\n\n\n<hr class=\"wp-block-separator has-css-opacity\"\/>\n\n<\/li><li class=\"wp-block-post post-1037 post type-post status-publish format-standard has-post-thumbnail hentry category-portafolio tag-portafolio\">\n<figure class=\"alignwide wp-block-post-featured-image\"><a href=\"https:\/\/rdjproject.com\/en\/planta-de-dispositivos-medicos-edwards-lifesciences\/\" target=\"_self\"  ><img loading=\"lazy\" decoding=\"async\" width=\"2560\" height=\"1440\" src=\"https:\/\/rdjproject.com\/wp-content\/uploads\/2025\/12\/Edificio-Edwards-ZF-La-Lima-scaled-1.jpg\" class=\"attachment-post-thumbnail size-post-thumbnail wp-post-image\" alt=\"Planta de dispositivos m\u00e9dicos \u2013 Edwards Lifesciences\" style=\"border-top-left-radius:15px;border-top-right-radius:15px;border-bottom-left-radius:15px;border-bottom-right-radius:15px;object-fit:cover;\" srcset=\"https:\/\/rdjproject.com\/wp-content\/uploads\/2025\/12\/Edificio-Edwards-ZF-La-Lima-scaled-1.jpg 2560w, https:\/\/rdjproject.com\/wp-content\/uploads\/2025\/12\/Edificio-Edwards-ZF-La-Lima-scaled-1-300x169.jpg 300w, https:\/\/rdjproject.com\/wp-content\/uploads\/2025\/12\/Edificio-Edwards-ZF-La-Lima-scaled-1-1024x576.jpg 1024w, https:\/\/rdjproject.com\/wp-content\/uploads\/2025\/12\/Edificio-Edwards-ZF-La-Lima-scaled-1-768x432.jpg 768w, https:\/\/rdjproject.com\/wp-content\/uploads\/2025\/12\/Edificio-Edwards-ZF-La-Lima-scaled-1-1536x864.jpg 1536w, https:\/\/rdjproject.com\/wp-content\/uploads\/2025\/12\/Edificio-Edwards-ZF-La-Lima-scaled-1-2048x1152.jpg 2048w, https:\/\/rdjproject.com\/wp-content\/uploads\/2025\/12\/Edificio-Edwards-ZF-La-Lima-scaled-1-18x10.jpg 18w\" sizes=\"auto, (max-width: 2560px) 100vw, 2560px\" \/><\/a><\/figure>\n\n<h3 class=\"wp-block-post-title\"><a href=\"https:\/\/rdjproject.com\/en\/planta-de-dispositivos-medicos-edwards-lifesciences\/\" target=\"_self\" >Planta de dispositivos m\u00e9dicos \u2013 Edwards Lifesciences<\/a><\/h3>\n\n<div class=\"wp-block-post-excerpt\"><p class=\"wp-block-post-excerpt__excerpt\">Nombre del proyecto: Edwards Wet PlantUbicaci\u00f3n: No disponiblePeriodo: 2018 a 2018Cliente: Edwards LifesciencesRol: Asistente de Gerente de ProyectoFases: Construcci\u00f3n, obra [&hellip;] <\/p><\/div>\n\n\n<hr class=\"wp-block-separator has-css-opacity\"\/>\n\n<\/li><li class=\"wp-block-post post-1033 post type-post status-publish format-standard has-post-thumbnail hentry category-portafolio tag-portafolio\">\n<figure class=\"alignwide wp-block-post-featured-image\"><a href=\"https:\/\/rdjproject.com\/en\/planta-de-componentes-electricos-lutron-electronics\/\" target=\"_self\"  ><img loading=\"lazy\" decoding=\"async\" width=\"2048\" height=\"1536\" src=\"https:\/\/rdjproject.com\/wp-content\/uploads\/2025\/12\/IMG_3092.jpeg\" class=\"attachment-post-thumbnail size-post-thumbnail wp-post-image\" alt=\"Planta de componentes el\u00e9ctricos \u2013 Lutron Electronics\" style=\"border-top-left-radius:15px;border-top-right-radius:15px;border-bottom-left-radius:15px;border-bottom-right-radius:15px;object-fit:cover;\" srcset=\"https:\/\/rdjproject.com\/wp-content\/uploads\/2025\/12\/IMG_3092.jpeg 2048w, https:\/\/rdjproject.com\/wp-content\/uploads\/2025\/12\/IMG_3092-300x225.jpeg 300w, https:\/\/rdjproject.com\/wp-content\/uploads\/2025\/12\/IMG_3092-1024x768.jpeg 1024w, https:\/\/rdjproject.com\/wp-content\/uploads\/2025\/12\/IMG_3092-768x576.jpeg 768w, https:\/\/rdjproject.com\/wp-content\/uploads\/2025\/12\/IMG_3092-1536x1152.jpeg 1536w, https:\/\/rdjproject.com\/wp-content\/uploads\/2025\/12\/IMG_3092-16x12.jpeg 16w\" sizes=\"auto, (max-width: 2048px) 100vw, 2048px\" \/><\/a><\/figure>\n\n<h3 class=\"wp-block-post-title\"><a href=\"https:\/\/rdjproject.com\/en\/planta-de-componentes-electricos-lutron-electronics\/\" target=\"_self\" >Planta de componentes el\u00e9ctricos \u2013 Lutron Electronics<\/a><\/h3>\n\n<div class=\"wp-block-post-excerpt\"><p class=\"wp-block-post-excerpt__excerpt\">Tipo de proyecto: planta industrial de componentes el\u00e9ctricosUbicaci\u00f3n: Lima, CartagoA\u00f1os: 2021Rol: coordinaci\u00f3n de equipos de dise\u00f1o Qu\u00e9 se hizo: Aporte [&hellip;] <\/p><\/div>\n\n\n<hr class=\"wp-block-separator has-css-opacity\"\/>\n\n<\/li><li class=\"wp-block-post post-1029 post type-post status-publish format-standard has-post-thumbnail hentry category-portafolio tag-portafolio\">\n<figure class=\"alignwide wp-block-post-featured-image\"><a href=\"https:\/\/rdjproject.com\/en\/instalaciones-para-intel-corporation\/\" target=\"_self\"  ><img loading=\"lazy\" decoding=\"async\" width=\"1700\" height=\"1133\" src=\"https:\/\/rdjproject.com\/wp-content\/uploads\/2025\/12\/Intel-15.jpg\" class=\"attachment-post-thumbnail size-post-thumbnail wp-post-image\" alt=\"Instalaciones para Intel Corporation\" style=\"border-top-left-radius:15px;border-top-right-radius:15px;border-bottom-left-radius:15px;border-bottom-right-radius:15px;object-fit:cover;\" srcset=\"https:\/\/rdjproject.com\/wp-content\/uploads\/2025\/12\/Intel-15.jpg 1700w, https:\/\/rdjproject.com\/wp-content\/uploads\/2025\/12\/Intel-15-300x200.jpg 300w, https:\/\/rdjproject.com\/wp-content\/uploads\/2025\/12\/Intel-15-1024x682.jpg 1024w, https:\/\/rdjproject.com\/wp-content\/uploads\/2025\/12\/Intel-15-768x512.jpg 768w, https:\/\/rdjproject.com\/wp-content\/uploads\/2025\/12\/Intel-15-1536x1024.jpg 1536w, https:\/\/rdjproject.com\/wp-content\/uploads\/2025\/12\/Intel-15-18x12.jpg 18w\" sizes=\"auto, (max-width: 1700px) 100vw, 1700px\" \/><\/a><\/figure>\n\n<h3 class=\"wp-block-post-title\"><a href=\"https:\/\/rdjproject.com\/en\/instalaciones-para-intel-corporation\/\" target=\"_self\" >Instalaciones para Intel Corporation<\/a><\/h3>\n\n<div class=\"wp-block-post-excerpt\"><p class=\"wp-block-post-excerpt__excerpt\">Nombre del proyecto: Construcci\u00f3n de instalaciones para Intel CorporationUbicaci\u00f3n: Bel\u00e9n, Heredia, Costa RicaPeriodo: 2021 a 2022Cliente: IntelRol: Arquitecto y Project [&hellip;] <\/p><\/div>\n\n\n<hr class=\"wp-block-separator has-css-opacity\"\/>\n\n<\/li><li class=\"wp-block-post post-1031 post type-post status-publish format-standard has-post-thumbnail hentry category-portafolio tag-portafolio\">\n<figure class=\"alignwide wp-block-post-featured-image\"><a href=\"https:\/\/rdjproject.com\/en\/planta-de-dispositivos-medicos-terumo-bct\/\" target=\"_self\"  ><img loading=\"lazy\" decoding=\"async\" width=\"1350\" height=\"759\" src=\"https:\/\/rdjproject.com\/wp-content\/uploads\/2025\/12\/Terumo.jpg\" class=\"attachment-post-thumbnail size-post-thumbnail wp-post-image\" alt=\"Planta de dispositivos m\u00e9dicos \u2013 Terumo BCT\" style=\"border-top-left-radius:15px;border-top-right-radius:15px;border-bottom-left-radius:15px;border-bottom-right-radius:15px;object-fit:cover;\" srcset=\"https:\/\/rdjproject.com\/wp-content\/uploads\/2025\/12\/Terumo.jpg 1350w, https:\/\/rdjproject.com\/wp-content\/uploads\/2025\/12\/Terumo-300x169.jpg 300w, https:\/\/rdjproject.com\/wp-content\/uploads\/2025\/12\/Terumo-1024x576.jpg 1024w, https:\/\/rdjproject.com\/wp-content\/uploads\/2025\/12\/Terumo-768x432.jpg 768w, https:\/\/rdjproject.com\/wp-content\/uploads\/2025\/12\/Terumo-18x10.jpg 18w\" sizes=\"auto, (max-width: 1350px) 100vw, 1350px\" \/><\/a><\/figure>\n\n<h3 class=\"wp-block-post-title\"><a href=\"https:\/\/rdjproject.com\/en\/planta-de-dispositivos-medicos-terumo-bct\/\" target=\"_self\" >Planta de dispositivos m\u00e9dicos \u2013 Terumo BCT<\/a><\/h3>\n\n<div class=\"wp-block-post-excerpt\"><p class=\"wp-block-post-excerpt__excerpt\">Nombre del proyecto: Planta de manufactura de dispositivos m\u00e9dicos Terumo BCTUbicaci\u00f3n: Lima, Cartago, Costa RicaPeriodo: 2020 a 2021Cliente: Garnier y [&hellip;] <\/p><\/div>\n\n\n<hr class=\"wp-block-separator has-css-opacity\"\/>\n\n<\/li><li class=\"wp-block-post post-1023 post type-post status-publish format-standard has-post-thumbnail hentry category-portafolio tag-portafolio\">\n<figure class=\"alignwide wp-block-post-featured-image\"><a href=\"https:\/\/rdjproject.com\/en\/oficinas-y-centros-corporativos-centro27\/\" target=\"_self\"  ><img loading=\"lazy\" decoding=\"async\" width=\"1801\" height=\"774\" src=\"https:\/\/rdjproject.com\/wp-content\/uploads\/2025\/12\/banner-fachada-centro-27.png\" class=\"attachment-post-thumbnail size-post-thumbnail wp-post-image\" alt=\"Centro Corporativo Centro 27\" style=\"border-top-left-radius:15px;border-top-right-radius:15px;border-bottom-left-radius:15px;border-bottom-right-radius:15px;object-fit:cover;\" srcset=\"https:\/\/rdjproject.com\/wp-content\/uploads\/2025\/12\/banner-fachada-centro-27.png 1801w, https:\/\/rdjproject.com\/wp-content\/uploads\/2025\/12\/banner-fachada-centro-27-300x129.png 300w, https:\/\/rdjproject.com\/wp-content\/uploads\/2025\/12\/banner-fachada-centro-27-1024x440.png 1024w, https:\/\/rdjproject.com\/wp-content\/uploads\/2025\/12\/banner-fachada-centro-27-768x330.png 768w, https:\/\/rdjproject.com\/wp-content\/uploads\/2025\/12\/banner-fachada-centro-27-1536x660.png 1536w, https:\/\/rdjproject.com\/wp-content\/uploads\/2025\/12\/banner-fachada-centro-27-18x8.png 18w\" sizes=\"auto, (max-width: 1801px) 100vw, 1801px\" \/><\/a><\/figure>\n\n<h3 class=\"wp-block-post-title\"><a href=\"https:\/\/rdjproject.com\/en\/oficinas-y-centros-corporativos-centro27\/\" target=\"_self\" >Centro Corporativo Centro 27<\/a><\/h3>\n\n<div class=\"wp-block-post-excerpt\"><p class=\"wp-block-post-excerpt__excerpt\">Nombre del proyecto: Construcci\u00f3n de centro corporativo Centro 27Ubicaci\u00f3n: Escaz\u00fa, San Jos\u00e9, Costa RicaPeriodo: 2021 a 2022Cliente: GTU DesarrolloRol: Arquitecto [&hellip;] <\/p><\/div>\n\n\n<hr class=\"wp-block-separator has-css-opacity\"\/>\n\n<\/li><li class=\"wp-block-post post-1015 post type-post status-publish format-standard has-post-thumbnail hentry category-portafolio tag-portafolio\">\n<figure class=\"alignwide wp-block-post-featured-image\"><a href=\"https:\/\/rdjproject.com\/en\/edificio-apartamentos-ada-maris-diseno\/\" target=\"_self\"  ><img loading=\"lazy\" decoding=\"async\" width=\"2048\" height=\"2048\" src=\"https:\/\/rdjproject.com\/wp-content\/uploads\/2025\/12\/adamaris-apartamentos.png\" class=\"attachment-post-thumbnail size-post-thumbnail wp-post-image\" alt=\"Edificio Ada Maris\" style=\"border-top-left-radius:15px;border-top-right-radius:15px;border-bottom-left-radius:15px;border-bottom-right-radius:15px;object-fit:cover;\" srcset=\"https:\/\/rdjproject.com\/wp-content\/uploads\/2025\/12\/adamaris-apartamentos.png 2048w, https:\/\/rdjproject.com\/wp-content\/uploads\/2025\/12\/adamaris-apartamentos-300x300.png 300w, https:\/\/rdjproject.com\/wp-content\/uploads\/2025\/12\/adamaris-apartamentos-1024x1024.png 1024w, https:\/\/rdjproject.com\/wp-content\/uploads\/2025\/12\/adamaris-apartamentos-150x150.png 150w, https:\/\/rdjproject.com\/wp-content\/uploads\/2025\/12\/adamaris-apartamentos-768x768.png 768w, https:\/\/rdjproject.com\/wp-content\/uploads\/2025\/12\/adamaris-apartamentos-1536x1536.png 1536w, https:\/\/rdjproject.com\/wp-content\/uploads\/2025\/12\/adamaris-apartamentos-12x12.png 12w\" sizes=\"auto, (max-width: 2048px) 100vw, 2048px\" \/><\/a><\/figure>\n\n<h3 class=\"wp-block-post-title\"><a href=\"https:\/\/rdjproject.com\/en\/edificio-apartamentos-ada-maris-diseno\/\" target=\"_self\" >Edificio Ada Maris<\/a><\/h3>\n\n<div class=\"wp-block-post-excerpt\"><p class=\"wp-block-post-excerpt__excerpt\">Nombre del proyecto: Edificio de Apartamentos Ada MarisUbicaci\u00f3n: Montes de OcaPeriodo: 2022 a 2023Cliente: Lab CoreRol: Arquitecto y Project Manager [&hellip;] <\/p><\/div>\n\n\n<hr class=\"wp-block-separator has-css-opacity\"\/>\n\n<\/li><li class=\"wp-block-post post-1013 post type-post status-publish format-standard has-post-thumbnail hentry category-portafolio tag-portafolio\">\n<figure class=\"alignwide wp-block-post-featured-image\"><a href=\"https:\/\/rdjproject.com\/en\/factibilidad-condominio-lujo-pacifico-central\/\" target=\"_self\"  ><img loading=\"lazy\" decoding=\"async\" width=\"2048\" height=\"1360\" src=\"https:\/\/rdjproject.com\/wp-content\/uploads\/2025\/12\/CASA-MODERNA-COSTA-RICA-ARQUITECTURA.png\" class=\"attachment-post-thumbnail size-post-thumbnail wp-post-image\" alt=\"Estudios y Prefactibilidad Inmobiliaria\" style=\"border-top-left-radius:15px;border-top-right-radius:15px;border-bottom-left-radius:15px;border-bottom-right-radius:15px;object-fit:cover;\" srcset=\"https:\/\/rdjproject.com\/wp-content\/uploads\/2025\/12\/CASA-MODERNA-COSTA-RICA-ARQUITECTURA.png 2048w, https:\/\/rdjproject.com\/wp-content\/uploads\/2025\/12\/CASA-MODERNA-COSTA-RICA-ARQUITECTURA-300x199.png 300w, https:\/\/rdjproject.com\/wp-content\/uploads\/2025\/12\/CASA-MODERNA-COSTA-RICA-ARQUITECTURA-1024x680.png 1024w, https:\/\/rdjproject.com\/wp-content\/uploads\/2025\/12\/CASA-MODERNA-COSTA-RICA-ARQUITECTURA-768x510.png 768w, https:\/\/rdjproject.com\/wp-content\/uploads\/2025\/12\/CASA-MODERNA-COSTA-RICA-ARQUITECTURA-1536x1020.png 1536w, https:\/\/rdjproject.com\/wp-content\/uploads\/2025\/12\/CASA-MODERNA-COSTA-RICA-ARQUITECTURA-18x12.png 18w\" sizes=\"auto, (max-width: 2048px) 100vw, 2048px\" \/><\/a><\/figure>\n\n<h3 class=\"wp-block-post-title\"><a href=\"https:\/\/rdjproject.com\/en\/factibilidad-condominio-lujo-pacifico-central\/\" target=\"_self\" >Estudios y Prefactibilidad Inmobiliaria<\/a><\/h3>\n\n<div class=\"wp-block-post-excerpt\"><p class=\"wp-block-post-excerpt__excerpt\">Nombre del proyecto: Desarrollo del Estudio de Factibilidad para Proyecto InmobiliarioUbicaci\u00f3n: Pac\u00edfico Central, Costa RicaPeriodo: 2023 a 2024Cliente: Inversi\u00f3n ExtranjeraRol: [&hellip;] <\/p><\/div>\n\n\n<hr class=\"wp-block-separator has-css-opacity\"\/>\n\n<\/li><li class=\"wp-block-post post-1027 post type-post status-publish format-standard has-post-thumbnail hentry category-portafolio tag-portafolio\">\n<figure class=\"alignwide wp-block-post-featured-image\"><a href=\"https:\/\/rdjproject.com\/en\/planta-dispositivos-medicos-establishment-labs-coyol\/\" target=\"_self\"  ><img loading=\"lazy\" decoding=\"async\" width=\"930\" height=\"450\" src=\"https:\/\/rdjproject.com\/wp-content\/uploads\/2025\/12\/stabl.jpeg\" class=\"attachment-post-thumbnail size-post-thumbnail wp-post-image\" alt=\"Planta de Dispositivos M\u00e9dicos \u2013 Establishment Labs\" style=\"border-top-left-radius:15px;border-top-right-radius:15px;border-bottom-left-radius:15px;border-bottom-right-radius:15px;object-fit:cover;\" srcset=\"https:\/\/rdjproject.com\/wp-content\/uploads\/2025\/12\/stabl.jpeg 930w, https:\/\/rdjproject.com\/wp-content\/uploads\/2025\/12\/stabl-300x145.jpeg 300w, https:\/\/rdjproject.com\/wp-content\/uploads\/2025\/12\/stabl-768x372.jpeg 768w, https:\/\/rdjproject.com\/wp-content\/uploads\/2025\/12\/stabl-18x9.jpeg 18w\" sizes=\"auto, (max-width: 930px) 100vw, 930px\" \/><\/a><\/figure>\n\n<h3 class=\"wp-block-post-title\"><a href=\"https:\/\/rdjproject.com\/en\/planta-dispositivos-medicos-establishment-labs-coyol\/\" target=\"_self\" >Planta de Dispositivos M\u00e9dicos \u2013 Establishment Labs<\/a><\/h3>\n\n<div class=\"wp-block-post-excerpt\"><p class=\"wp-block-post-excerpt__excerpt\">Nombre del proyecto: Dise\u00f1o y construcci\u00f3n de planta de manufactura de pr\u00f3tesis m\u00e9dicas Establishment LabsUbicaci\u00f3n: Alajuela, Coyol, Costa RicaPeriodo: 2021 [&hellip;] <\/p><\/div>\n\n\n<hr class=\"wp-block-separator has-css-opacity\"\/>\n\n<\/li><li class=\"wp-block-post post-1025 post type-post status-publish format-standard has-post-thumbnail hentry category-portafolio tag-portafolio\">\n<figure class=\"alignwide wp-block-post-featured-image\"><a href=\"https:\/\/rdjproject.com\/en\/centro-corporativo-la-ribera-belen-bim-pmp\/\" target=\"_self\"  ><img loading=\"lazy\" decoding=\"async\" width=\"1920\" height=\"1281\" src=\"https:\/\/rdjproject.com\/wp-content\/uploads\/2025\/12\/hub-1.png\" class=\"attachment-post-thumbnail size-post-thumbnail wp-post-image\" alt=\"Centro Corporativo La Ribera\" style=\"border-top-left-radius:15px;border-top-right-radius:15px;border-bottom-left-radius:15px;border-bottom-right-radius:15px;object-fit:cover;\" srcset=\"https:\/\/rdjproject.com\/wp-content\/uploads\/2025\/12\/hub-1.png 1920w, https:\/\/rdjproject.com\/wp-content\/uploads\/2025\/12\/hub-1-300x200.png 300w, https:\/\/rdjproject.com\/wp-content\/uploads\/2025\/12\/hub-1-1024x683.png 1024w, https:\/\/rdjproject.com\/wp-content\/uploads\/2025\/12\/hub-1-768x512.png 768w, https:\/\/rdjproject.com\/wp-content\/uploads\/2025\/12\/hub-1-1536x1025.png 1536w, https:\/\/rdjproject.com\/wp-content\/uploads\/2025\/12\/hub-1-18x12.png 18w\" sizes=\"auto, (max-width: 1920px) 100vw, 1920px\" \/><\/a><\/figure>\n\n<h3 class=\"wp-block-post-title\"><a href=\"https:\/\/rdjproject.com\/en\/centro-corporativo-la-ribera-belen-bim-pmp\/\" target=\"_self\" >Centro Corporativo La Ribera<\/a><\/h3>\n\n<div class=\"wp-block-post-excerpt\"><p class=\"wp-block-post-excerpt__excerpt\">Nombre del proyecto: Centro corporativo La RiberaUbicaci\u00f3n: Bel\u00e9n, Heredia, Costa RicaPeriodo: 2020 a 2022Cliente: ProyconRol: Arquitecto y Project Manager (PMP) [&hellip;] <\/p><\/div>\n\n\n<hr class=\"wp-block-separator has-css-opacity\"\/>\n\n<\/li><\/ul>\n\n<\/div>\n","protected":false},"excerpt":{"rendered":"","protected":false},"author":1,"featured_media":0,"parent":0,"menu_order":0,"comment_status":"closed","ping_status":"closed","template":"","meta":{"site-sidebar-layout":"default","site-content-layout":"","ast-site-content-layout":"default","site-content-style":"default","site-sidebar-style":"default","ast-global-header-display":"","ast-banner-title-visibility":"","ast-main-header-display":"","ast-hfb-above-header-display":"","ast-hfb-below-header-display":"","ast-hfb-mobile-header-display":"","site-post-title":"disabled","ast-breadcrumbs-content":"","ast-featured-img":"","footer-sml-layout":"","ast-disable-related-posts":"","theme-transparent-header-meta":"","adv-header-id-meta":"","stick-header-meta":"","header-above-stick-meta":"","header-main-stick-meta":"","header-below-stick-meta":"","astra-migrate-meta-layouts":"default","ast-page-background-enabled":"default","ast-page-background-meta":{"desktop":{"background-color":"var(--ast-global-color-5)","background-image":"","background-repeat":"repeat","background-position":"center center","background-size":"auto","background-attachment":"scroll","background-type":"","background-media":"","overlay-type":"","overlay-color":"","overlay-opacity":"","overlay-gradient":""},"tablet":{"background-color":"","background-image":"","background-repeat":"repeat","background-position":"center center","background-size":"auto","background-attachment":"scroll","background-type":"","background-media":"","overlay-type":"","overlay-color":"","overlay-opacity":"","overlay-gradient":""},"mobile":{"background-color":"","background-image":"","background-repeat":"repeat","background-position":"center center","background-size":"auto","background-attachment":"scroll","background-type":"","background-media":"","overlay-type":"","overlay-color":"","overlay-opacity":"","overlay-gradient":""}},"ast-content-background-meta":{"desktop":{"background-color":"var(--ast-global-color-4)","background-image":"","background-repeat":"repeat","background-position":"center center","background-size":"auto","background-attachment":"scroll","background-type":"","background-media":"","overlay-type":"","overlay-color":"","overlay-opacity":"","overlay-gradient":""},"tablet":{"background-color":"var(--ast-global-color-4)","background-image":"","background-repeat":"repeat","background-position":"center center","background-size":"auto","background-attachment":"scroll","background-type":"","background-media":"","overlay-type":"","overlay-color":"","overlay-opacity":"","overlay-gradient":""},"mobile":{"background-color":"var(--ast-global-color-4)","background-image":"","background-repeat":"repeat","background-position":"center center","background-size":"auto","background-attachment":"scroll","background-type":"","background-media":"","overlay-type":"","overlay-color":"","overlay-opacity":"","overlay-gradient":""}},"footnotes":""},"class_list":["post-967","page","type-page","status-publish","hentry"],"_links":{"self":[{"href":"https:\/\/rdjproject.com\/en\/wp-json\/wp\/v2\/pages\/967","targetHints":{"allow":["GET"]}}],"collection":[{"href":"https:\/\/rdjproject.com\/en\/wp-json\/wp\/v2\/pages"}],"about":[{"href":"https:\/\/rdjproject.com\/en\/wp-json\/wp\/v2\/types\/page"}],"author":[{"embeddable":true,"href":"https:\/\/rdjproject.com\/en\/wp-json\/wp\/v2\/users\/1"}],"replies":[{"embeddable":true,"href":"https:\/\/rdjproject.com\/en\/wp-json\/wp\/v2\/comments?post=967"}],"version-history":[{"count":17,"href":"https:\/\/rdjproject.com\/en\/wp-json\/wp\/v2\/pages\/967\/revisions"}],"predecessor-version":[{"id":1499,"href":"https:\/\/rdjproject.com\/en\/wp-json\/wp\/v2\/pages\/967\/revisions\/1499"}],"wp:attachment":[{"href":"https:\/\/rdjproject.com\/en\/wp-json\/wp\/v2\/media?parent=967"}],"curies":[{"name":"wp","href":"https:\/\/api.w.org\/{rel}","templated":true}]}}