{"id":811,"date":"2025-12-10T13:25:06","date_gmt":"2025-12-10T19:25:06","guid":{"rendered":"https:\/\/rdjproject.com\/?page_id=811"},"modified":"2026-03-11T12:10:28","modified_gmt":"2026-03-11T18:10:28","slug":"contacto","status":"publish","type":"page","link":"https:\/\/rdjproject.com\/en\/contacto\/","title":{"rendered":"Contact"},"content":{"rendered":"\n<div class=\"wp-block-group alignfull has-accent-background-color has-background is-layout-constrained wp-container-core-group-is-layout-669513ed wp-block-group-is-layout-constrained\" style=\"margin-top:0;margin-bottom:0;padding-top:var(--wp--preset--spacing--50);padding-right:var(--wp--preset--spacing--50);padding-bottom:var(--wp--preset--spacing--50);padding-left:var(--wp--preset--spacing--50)\">\n<div class=\"wp-block-columns alignwide is-layout-flex wp-container-core-columns-is-layout-1da03c2a wp-block-columns-is-layout-flex\">\n<div class=\"wp-block-column is-vertically-aligned-stretch is-layout-flow wp-block-column-is-layout-flow\" style=\"flex-basis:50%\">\n<div class=\"wp-block-group is-vertical is-content-justification-stretch is-layout-flex wp-container-core-group-is-layout-03ea0e6e wp-block-group-is-layout-flex\" style=\"min-height:100%\">\n<h1 class=\"wp-block-heading has-x-large-font-size\">Agenda un diagn\u00f3stico de riesgo de tu proyecto<\/h1>\n\n\n\n<p class=\"wp-container-content-0733e5d0\">Si vas a dise\u00f1ar o construir, ya tienes la idea, est\u00e1s revisando presupuesto o contratista, o sientes que tu proyecto se est\u00e1 volviendo confuso, este es el mejor primer paso.<\/p>\n\n\n\n<p class=\"wp-container-content-0733e5d0\">Soy Ricardo Dur\u00e1n Jim\u00e9nez, arquitecto y PMP certificado. Ayudo a due\u00f1os e inversionistas privados en Costa Rica a detectar riesgos, ordenar decisiones y tomar control del proyecto antes de que el desorden cueste m\u00e1s tiempo y dinero.<\/p>\n\n\n\n<div class=\"wp-block-buttons is-layout-flex wp-block-buttons-is-layout-flex\">\n<div class=\"wp-block-button\"><a class=\"wp-block-button__link wp-element-button\" href=\"https:\/\/rdjproject.com\/sobremi\/\">Acerca de nosotros<\/a><\/div>\n<\/div>\n<\/div>\n<\/div>\n\n\n\n<div class=\"wp-block-column is-vertically-aligned-center is-layout-flow wp-block-column-is-layout-flow\" style=\"flex-basis:50%\">\n<figure class=\"wp-block-image size-large is-resized has-custom-border is-style-rounded\"><img decoding=\"async\" src=\"https:\/\/rdjproject.com\/wp-content\/themes\/twentytwentyfour\/assets\/images\/museum.webp\" alt=\"Una rampa a lo largo de una pared curva en el Museo Kiasma, Helsinki, Finlandia\" style=\"border-top-left-radius:15px;border-top-right-radius:15px;border-bottom-left-radius:15px;border-bottom-right-radius:15px;aspect-ratio:0.750152042903743;width:449px;height:auto\"\/><\/figure>\n<\/div>\n<\/div>\n<\/div>\n\n\n\n<div class=\"wp-block-group is-layout-constrained wp-container-core-group-is-layout-4d0d0a75 wp-block-group-is-layout-constrained\">\n<div class=\"wp-block-group is-vertical is-content-justification-center is-layout-flex wp-container-core-group-is-layout-ce155fab wp-block-group-is-layout-flex\">\n<h2 class=\"wp-block-heading\">Cu\u00e9ntame brevemente tu proyecto y qu\u00e9 te preocupa hoy<\/h2>\n\n\n\n<p>Mientras m\u00e1s claro seas en la etapa, el tipo de proyecto y el principal problema que est\u00e1s viendo, m\u00e1s f\u00e1cil ser\u00e1 responderte con un siguiente paso \u00fatil.<\/p>\n<\/div>\n\n\n<div class=\"wpforms-container wpforms-block wpforms-block-3ef29c68-5f87-40f7-b0d8-6f6d9a243b52 wpforms-render-modern\" id=\"wpforms-363\"><form id=\"wpforms-form-363\" class=\"wpforms-validate wpforms-form wpforms-ajax-form\" data-formid=\"363\" method=\"post\" enctype=\"multipart\/form-data\" action=\"\/en\/wp-json\/wp\/v2\/pages\/811\" data-token=\"b438bdd6918c1b2b1b41c70ce1142632\" data-token-time=\"1778075613\"><noscript class=\"wpforms-error-noscript\">Please enable JavaScript in your browser to complete this form.<\/noscript><div id=\"wpforms-error-noscript\" style=\"display: none;\">Please enable JavaScript in your browser to complete this form.<\/div><div class=\"wpforms-field-container\"><div id=\"wpforms-363-field_0-container\" class=\"wpforms-field wpforms-field-name\" data-field-id=\"0\"><fieldset><legend class=\"wpforms-field-label\">Nombre Completo <span class=\"wpforms-required-label\" aria-hidden=\"true\">*<\/span><\/legend><div class=\"wpforms-field-row wpforms-field-large\"><div class=\"wpforms-field-row-block wpforms-first wpforms-one-half\"><input type=\"text\" id=\"wpforms-363-field_0\" class=\"wpforms-field-name-first wpforms-field-required\" name=\"wpforms[fields][0][first]\" aria-errormessage=\"wpforms-363-field_0-error\" required><label for=\"wpforms-363-field_0\" class=\"wpforms-field-sublabel after\">First<\/label><\/div><div class=\"wpforms-field-row-block wpforms-one-half\"><input type=\"text\" id=\"wpforms-363-field_0-last\" class=\"wpforms-field-name-last wpforms-field-required\" name=\"wpforms[fields][0][last]\" aria-errormessage=\"wpforms-363-field_0-last-error\" required><label for=\"wpforms-363-field_0-last\" class=\"wpforms-field-sublabel after\">Last<\/label><\/div><\/div><\/fieldset><\/div><div id=\"wpforms-363-field_1-container\" class=\"wpforms-field wpforms-field-email\" data-field-id=\"1\"><label class=\"wpforms-field-label\" for=\"wpforms-363-field_1\">Email <span class=\"wpforms-required-label\" aria-hidden=\"true\">*<\/span><\/label><input type=\"email\" id=\"wpforms-363-field_1\" class=\"wpforms-field-large wpforms-field-required\" name=\"wpforms[fields][1]\" placeholder=\"Email Address *\" spellcheck=\"false\" aria-errormessage=\"wpforms-363-field_1-error\" required><\/div><div id=\"wpforms-363-field_6-container\" class=\"wpforms-field wpforms-field-text\" data-field-id=\"6\"><label class=\"wpforms-field-label\" for=\"wpforms-363-field_6\">Ubicaci\u00f3n del proyecto en Costa Rica<\/label><input type=\"text\" id=\"wpforms-363-field_6\" class=\"wpforms-field-medium\" name=\"wpforms[fields][6]\" aria-errormessage=\"wpforms-363-field_6-error\" ><\/div><div id=\"wpforms-363-field_7-container\" class=\"wpforms-field wpforms-field-select wpforms-field-select-style-classic\" data-field-id=\"7\"><label class=\"wpforms-field-label\" for=\"wpforms-363-field_7\">Tipo de proyecto <span class=\"wpforms-required-label\" aria-hidden=\"true\">*<\/span><\/label><select id=\"wpforms-363-field_7\" class=\"wpforms-field-medium wpforms-field-required\" name=\"wpforms[fields][7]\" required=\"required\"><option value=\"\" class=\"placeholder\" disabled  selected='selected'>&#8212; Selecciona la opci\u00f3n &#8212;<\/option><option value=\"Residencia Principal\"  class=\"choice-1 depth-1\"  >Residencia Principal<\/option><option value=\"Renta-Vacacional\"  class=\"choice-2 depth-1\"  >Renta-Vacacional<\/option><option value=\"Hotel-Comercial\"  class=\"choice-4 depth-1\"  >Hotel-Comercial<\/option><option value=\"Mixto\"  class=\"choice-3 depth-1\"  >Mixto<\/option><\/select><\/div><div id=\"wpforms-363-field_12-container\" class=\"wpforms-field wpforms-field-checkbox\" data-field-id=\"12\"><fieldset><legend class=\"wpforms-field-label\">Estado actual de la propiedad <span class=\"wpforms-required-label\" aria-hidden=\"true\">*<\/span><\/legend><ul id=\"wpforms-363-field_12\" class=\"wpforms-field-required\" data-choice-limit=\"1\"><li class=\"choice-1 depth-1\"><input type=\"checkbox\" id=\"wpforms-363-field_12_1\" data-rule-check-limit=\"true\" name=\"wpforms[fields][12][]\" value=\"Ya tengo lote o propiedad\" aria-errormessage=\"wpforms-363-field_12_1-error\" required ><label class=\"wpforms-field-label-inline\" for=\"wpforms-363-field_12_1\">Ya tengo lote o propiedad<\/label><\/li><li class=\"choice-2 depth-1\"><input type=\"checkbox\" id=\"wpforms-363-field_12_2\" data-rule-check-limit=\"true\" name=\"wpforms[fields][12][]\" value=\"Actualmente estoy evaluando o negociando opciones\" aria-errormessage=\"wpforms-363-field_12_2-error\" required ><label class=\"wpforms-field-label-inline\" for=\"wpforms-363-field_12_2\">Actualmente estoy evaluando o negociando opciones<\/label><\/li><li class=\"choice-3 depth-1\"><input type=\"checkbox\" id=\"wpforms-363-field_12_3\" data-rule-check-limit=\"true\" name=\"wpforms[fields][12][]\" value=\"No, podr\u00eda necesitar ayuda para encontrar uno\" aria-errormessage=\"wpforms-363-field_12_3-error\" required ><label class=\"wpforms-field-label-inline\" for=\"wpforms-363-field_12_3\">No, podr\u00eda necesitar ayuda para encontrar uno<\/label><\/li><\/ul><\/fieldset><\/div><div id=\"wpforms-363-field_11-container\" class=\"wpforms-field wpforms-field-select wpforms-field-select-style-classic\" data-field-id=\"11\"><label class=\"wpforms-field-label\" for=\"wpforms-363-field_11\">Estado del proyecto <span class=\"wpforms-required-label\" aria-hidden=\"true\">*<\/span><\/label><select id=\"wpforms-363-field_11\" class=\"wpforms-field-medium wpforms-field-required\" name=\"wpforms[fields][11]\" required=\"required\"><option value=\"\" class=\"placeholder\" disabled  selected='selected'>&#8212; Selecciona la opci\u00f3n &#8212;<\/option><option value=\"Estoy evaluando la idea (Presupuesto y Viabilidad \u00bfVale la pena\/es suficiente?)\"  class=\"choice-1 depth-1\"  >Estoy evaluando la idea (Presupuesto y Viabilidad \u00bfVale la pena\/es suficiente?)<\/option><option value=\"Quiero visualizar la idea (Concepto y Dise\u00f1o sin planos para permisos aun)\"  class=\"choice-2 depth-1\"  >Quiero visualizar la idea (Concepto y Dise\u00f1o sin planos para permisos aun)<\/option><option value=\"Quiero el Dise\u00f1o completo + Planos listos para permisos\"  class=\"choice-3 depth-1\"  >Quiero el Dise\u00f1o completo + Planos listos para permisos<\/option><option value=\"Estoy seleccionando el constructor (Supervisi\u00f3n de la construcci\u00f3n, Costo y Calidad)\"  class=\"choice-4 depth-1\"  >Estoy seleccionando el constructor (Supervisi\u00f3n de la construcci\u00f3n, Costo y Calidad)<\/option><option value=\"Ya estoy en problemas y necesito revisi\u00f3n\"  class=\"choice-5 depth-1\"  >Ya estoy en problemas y necesito revisi\u00f3n<\/option><\/select><\/div><div id=\"wpforms-363-field_14-container\" class=\"wpforms-field wpforms-field-checkbox\" data-field-id=\"14\"><fieldset><legend class=\"wpforms-field-label\">Presupuesto estimado del proyecto <span class=\"wpforms-required-label\" aria-hidden=\"true\">*<\/span><\/legend><ul id=\"wpforms-363-field_14\" class=\"wpforms-field-required\" data-choice-limit=\"1\"><li class=\"choice-1 depth-1\"><input type=\"checkbox\" id=\"wpforms-363-field_14_1\" data-rule-check-limit=\"true\" name=\"wpforms[fields][14][]\" value=\"Menos de $200.000 USD\" aria-errormessage=\"wpforms-363-field_14_1-error\" required ><label class=\"wpforms-field-label-inline\" for=\"wpforms-363-field_14_1\">Menos de $200.000 USD<\/label><\/li><li class=\"choice-2 depth-1\"><input type=\"checkbox\" id=\"wpforms-363-field_14_2\" data-rule-check-limit=\"true\" name=\"wpforms[fields][14][]\" value=\"De $200.000 USD a 600.000 USD\" aria-errormessage=\"wpforms-363-field_14_2-error\" required ><label class=\"wpforms-field-label-inline\" for=\"wpforms-363-field_14_2\">De $200.000 USD a 600.000 USD<\/label><\/li><li class=\"choice-3 depth-1\"><input type=\"checkbox\" id=\"wpforms-363-field_14_3\" data-rule-check-limit=\"true\" name=\"wpforms[fields][14][]\" value=\"M\u00e1s de $600.000\" aria-errormessage=\"wpforms-363-field_14_3-error\" required ><label class=\"wpforms-field-label-inline\" for=\"wpforms-363-field_14_3\">M\u00e1s de $600.000<\/label><\/li><\/ul><\/fieldset><\/div><div id=\"wpforms-363-field_2-container\" class=\"wpforms-field wpforms-field-textarea\" data-field-id=\"2\"><label class=\"wpforms-field-label\" for=\"wpforms-363-field_2\">Describe brevemente tu situaci\u00f3n<\/label><textarea id=\"wpforms-363-field_2\" class=\"wpforms-field-medium\" name=\"wpforms[fields][2]\" placeholder=\"Comment or Message *\" aria-errormessage=\"wpforms-363-field_2-error\" ><\/textarea><\/div><\/div><!-- .wpforms-field-container --><div class=\"wpforms-submit-container\" ><input type=\"hidden\" name=\"wpforms[id]\" value=\"363\"><input type=\"hidden\" name=\"page_title\" value=\"\"><input type=\"hidden\" name=\"page_url\" value=\"https:\/\/rdjproject.com\/en\/wp-json\/wp\/v2\/pages\/811\"><input type=\"hidden\" name=\"url_referer\" value=\"\"><button type=\"submit\" name=\"wpforms[submit]\" id=\"wpforms-submit-363\" class=\"wpforms-submit\" data-alt-text=\"Sending...\" data-submit-text=\"Send Message\" aria-live=\"assertive\" value=\"wpforms-submit\">Send Message<\/button><img loading=\"lazy\" decoding=\"async\" src=\"https:\/\/rdjproject.com\/wp-content\/plugins\/wpforms-lite\/assets\/images\/submit-spin.svg\" class=\"wpforms-submit-spinner\" style=\"display: none;\" width=\"26\" height=\"26\" alt=\"Loading\"><\/div><\/form><\/div>  <!-- .wpforms-container -->\n\n\n<p>Muchas veces el problema empieza precisamente porque el due\u00f1o avanza con informaci\u00f3n incompleta, riesgos no visibles o decisiones todav\u00eda mal definidas. Mi trabajo es ayudarte a ordenar eso desde el lado del cliente.<\/p>\n<\/div>\n\n\n\n<div class=\"wp-block-group alignfull has-base-background-color has-background is-layout-constrained wp-container-core-group-is-layout-d89aad35 wp-block-group-is-layout-constrained\" style=\"margin-top:0;margin-bottom:0;padding-top:var(--wp--preset--spacing--50);padding-right:var(--wp--preset--spacing--50);padding-bottom:var(--wp--preset--spacing--50);padding-left:var(--wp--preset--spacing--50)\">\n<div class=\"wp-block-columns alignwide is-layout-flex wp-container-core-columns-is-layout-549b0c86 wp-block-columns-is-layout-flex\">\n<div class=\"wp-block-column is-content-justification-left is-layout-constrained wp-container-core-column-is-layout-4f15e8fe wp-block-column-is-layout-constrained\" style=\"flex-basis:40%\">\n<h2 class=\"wp-block-heading has-large-font-size\"><strong>Qu\u00e9 pasa despu\u00e9s de enviar el formulario<\/strong><\/h2>\n<\/div>\n\n\n\n<div class=\"wp-block-column is-layout-flow wp-container-core-column-is-layout-119bc444 wp-block-column-is-layout-flow\" style=\"flex-basis:60%\">\n<div class=\"wp-block-columns are-vertically-aligned-top is-layout-flex wp-container-core-columns-is-layout-a85f4655 wp-block-columns-is-layout-flex\">\n<div class=\"wp-block-column is-vertically-aligned-top is-layout-flow wp-block-column-is-layout-flow\">\n<div class=\"wp-block-group is-vertical is-content-justification-center is-layout-flex wp-container-core-group-is-layout-ce155fab wp-block-group-is-layout-flex\">\n<figure class=\"wp-block-image size-full is-resized\"><img loading=\"lazy\" decoding=\"async\" width=\"800\" height=\"800\" src=\"https:\/\/rdjproject.com\/wp-content\/uploads\/2026\/03\/2-1.png\" alt=\"\" class=\"wp-image-1327\" style=\"width:auto;height:100px\" srcset=\"https:\/\/rdjproject.com\/wp-content\/uploads\/2026\/03\/2-1.png 800w, https:\/\/rdjproject.com\/wp-content\/uploads\/2026\/03\/2-1-300x300.png 300w, https:\/\/rdjproject.com\/wp-content\/uploads\/2026\/03\/2-1-150x150.png 150w, https:\/\/rdjproject.com\/wp-content\/uploads\/2026\/03\/2-1-768x768.png 768w, https:\/\/rdjproject.com\/wp-content\/uploads\/2026\/03\/2-1-12x12.png 12w\" sizes=\"auto, (max-width: 800px) 100vw, 800px\" \/><\/figure>\n\n\n\n<h3 class=\"wp-block-heading has-text-align-center has-large-font-size\">Reviso tu caso<\/h3>\n<\/div>\n<\/div>\n\n\n\n<div class=\"wp-block-column is-vertically-aligned-top is-layout-flow wp-block-column-is-layout-flow\">\n<div class=\"wp-block-group is-vertical is-content-justification-center is-layout-flex wp-container-core-group-is-layout-ce155fab wp-block-group-is-layout-flex\">\n<figure class=\"wp-block-image size-full is-resized\"><img loading=\"lazy\" decoding=\"async\" width=\"800\" height=\"800\" src=\"https:\/\/rdjproject.com\/wp-content\/uploads\/2026\/03\/3-1.png\" alt=\"\" class=\"wp-image-1328\" style=\"width:auto;height:100px\" srcset=\"https:\/\/rdjproject.com\/wp-content\/uploads\/2026\/03\/3-1.png 800w, https:\/\/rdjproject.com\/wp-content\/uploads\/2026\/03\/3-1-300x300.png 300w, https:\/\/rdjproject.com\/wp-content\/uploads\/2026\/03\/3-1-150x150.png 150w, https:\/\/rdjproject.com\/wp-content\/uploads\/2026\/03\/3-1-768x768.png 768w, https:\/\/rdjproject.com\/wp-content\/uploads\/2026\/03\/3-1-12x12.png 12w\" sizes=\"auto, (max-width: 800px) 100vw, 800px\" \/><\/figure>\n\n\n\n<h3 class=\"wp-block-heading has-text-align-center has-large-font-size\">Te hago algunas preguntas clave<\/h3>\n<\/div>\n<\/div>\n\n\n\n<div class=\"wp-block-column is-vertically-aligned-top is-layout-flow wp-block-column-is-layout-flow\">\n<div class=\"wp-block-group is-vertical is-content-justification-center is-layout-flex wp-container-core-group-is-layout-ce155fab wp-block-group-is-layout-flex\">\n<figure class=\"wp-block-image size-full is-resized\"><img loading=\"lazy\" decoding=\"async\" width=\"800\" height=\"800\" src=\"https:\/\/rdjproject.com\/wp-content\/uploads\/2026\/03\/4-1.png\" alt=\"\" class=\"wp-image-1329\" style=\"width:auto;height:100px\" srcset=\"https:\/\/rdjproject.com\/wp-content\/uploads\/2026\/03\/4-1.png 800w, https:\/\/rdjproject.com\/wp-content\/uploads\/2026\/03\/4-1-300x300.png 300w, https:\/\/rdjproject.com\/wp-content\/uploads\/2026\/03\/4-1-150x150.png 150w, https:\/\/rdjproject.com\/wp-content\/uploads\/2026\/03\/4-1-768x768.png 768w, https:\/\/rdjproject.com\/wp-content\/uploads\/2026\/03\/4-1-12x12.png 12w\" sizes=\"auto, (max-width: 800px) 100vw, 800px\" \/><\/figure>\n\n\n\n<h3 class=\"wp-block-heading has-text-align-center has-large-font-size\">Definimos el siguiente paso correcto<\/h3>\n<\/div>\n<\/div>\n<\/div>\n\n\n\n<div class=\"wp-block-columns is-layout-flex wp-container-core-columns-is-layout-87beb0d0 wp-block-columns-is-layout-flex\">\n<div class=\"wp-block-column is-layout-flow wp-block-column-is-layout-flow\">\n<p>Leo tu situaci\u00f3n y ubico la etapa real del proyecto.<\/p>\n<\/div>\n\n\n\n<div class=\"wp-block-column is-layout-flow wp-block-column-is-layout-flow\">\n<p>Si hace falta, te escribo para entender mejor alcance, riesgos y urgencia.<\/p>\n<\/div>\n\n\n\n<div class=\"wp-block-column is-layout-flow wp-block-column-is-layout-flow\">\n<p>Si aplica, coordinamos una llamada corta o te propongo empezar con un Diagn\u00f3stico de Riesgo del Proyecto.<\/p>\n<\/div>\n<\/div>\n<\/div>\n<\/div>\n<\/div>\n\n\n\n<p><\/p>\n","protected":false},"excerpt":{"rendered":"<p>Agenda un diagn\u00f3stico de riesgo de tu proyecto Si vas a dise\u00f1ar o construir, ya tienes la idea, est\u00e1s revisando [&hellip;]<\/p>\n","protected":false},"author":1,"featured_media":0,"parent":0,"menu_order":0,"comment_status":"closed","ping_status":"closed","template":"","meta":{"site-sidebar-layout":"default","site-content-layout":"","ast-site-content-layout":"default","site-content-style":"default","site-sidebar-style":"default","ast-global-header-display":"","ast-banner-title-visibility":"","ast-main-header-display":"","ast-hfb-above-header-display":"","ast-hfb-below-header-display":"","ast-hfb-mobile-header-display":"","site-post-title":"","ast-breadcrumbs-content":"","ast-featured-img":"","footer-sml-layout":"","ast-disable-related-posts":"","theme-transparent-header-meta":"","adv-header-id-meta":"","stick-header-meta":"","header-above-stick-meta":"","header-main-stick-meta":"","header-below-stick-meta":"","astra-migrate-meta-layouts":"default","ast-page-background-enabled":"default","ast-page-background-meta":{"desktop":{"background-color":"var(--ast-global-color-5)","background-image":"","background-repeat":"repeat","background-position":"center center","background-size":"auto","background-attachment":"scroll","background-type":"","background-media":"","overlay-type":"","overlay-color":"","overlay-opacity":"","overlay-gradient":""},"tablet":{"background-color":"","background-image":"","background-repeat":"repeat","background-position":"center center","background-size":"auto","background-attachment":"scroll","background-type":"","background-media":"","overlay-type":"","overlay-color":"","overlay-opacity":"","overlay-gradient":""},"mobile":{"background-color":"","background-image":"","background-repeat":"repeat","background-position":"center center","background-size":"auto","background-attachment":"scroll","background-type":"","background-media":"","overlay-type":"","overlay-color":"","overlay-opacity":"","overlay-gradient":""}},"ast-content-background-meta":{"desktop":{"background-color":"var(--ast-global-color-4)","background-image":"","background-repeat":"repeat","background-position":"center center","background-size":"auto","background-attachment":"scroll","background-type":"","background-media":"","overlay-type":"","overlay-color":"","overlay-opacity":"","overlay-gradient":""},"tablet":{"background-color":"var(--ast-global-color-4)","background-image":"","background-repeat":"repeat","background-position":"center center","background-size":"auto","background-attachment":"scroll","background-type":"","background-media":"","overlay-type":"","overlay-color":"","overlay-opacity":"","overlay-gradient":""},"mobile":{"background-color":"var(--ast-global-color-4)","background-image":"","background-repeat":"repeat","background-position":"center center","background-size":"auto","background-attachment":"scroll","background-type":"","background-media":"","overlay-type":"","overlay-color":"","overlay-opacity":"","overlay-gradient":""}},"footnotes":""},"class_list":["post-811","page","type-page","status-publish","hentry"],"_links":{"self":[{"href":"https:\/\/rdjproject.com\/en\/wp-json\/wp\/v2\/pages\/811","targetHints":{"allow":["GET"]}}],"collection":[{"href":"https:\/\/rdjproject.com\/en\/wp-json\/wp\/v2\/pages"}],"about":[{"href":"https:\/\/rdjproject.com\/en\/wp-json\/wp\/v2\/types\/page"}],"author":[{"embeddable":true,"href":"https:\/\/rdjproject.com\/en\/wp-json\/wp\/v2\/users\/1"}],"replies":[{"embeddable":true,"href":"https:\/\/rdjproject.com\/en\/wp-json\/wp\/v2\/comments?post=811"}],"version-history":[{"count":11,"href":"https:\/\/rdjproject.com\/en\/wp-json\/wp\/v2\/pages\/811\/revisions"}],"predecessor-version":[{"id":1412,"href":"https:\/\/rdjproject.com\/en\/wp-json\/wp\/v2\/pages\/811\/revisions\/1412"}],"wp:attachment":[{"href":"https:\/\/rdjproject.com\/en\/wp-json\/wp\/v2\/media?parent=811"}],"curies":[{"name":"wp","href":"https:\/\/api.w.org\/{rel}","templated":true}]}}