{"id":1817,"date":"2026-05-07T10:43:50","date_gmt":"2026-05-07T16:43:50","guid":{"rendered":"https:\/\/rdjproject.com\/?page_id=1817"},"modified":"2026-05-07T11:02:21","modified_gmt":"2026-05-07T17:02:21","slug":"servicios","status":"publish","type":"page","link":"https:\/\/rdjproject.com\/en\/servicios\/","title":{"rendered":"Servicios"},"content":{"rendered":"<div class=\"wp-block-group alignfull has-accent-2-background-color has-background has-global-padding is-layout-constrained wp-container-core-group-is-layout-e6176e53 wp-block-group-is-layout-constrained\" style=\"margin-top:0;margin-bottom:0;padding-top:var(--wp--preset--spacing--40);padding-right:var(--wp--preset--spacing--40);padding-bottom:var(--wp--preset--spacing--40);padding-left:var(--wp--preset--spacing--40)\">\n<div class=\"wp-block-columns alignwide is-layout-flex wp-container-core-columns-is-layout-85958d59 wp-block-columns-is-layout-flex\" style=\"padding-top:var(--wp--preset--spacing--40);padding-right:var(--wp--preset--spacing--40);padding-bottom:var(--wp--preset--spacing--40);padding-left:var(--wp--preset--spacing--40)\">\n<div class=\"wp-block-column is-layout-flow wp-block-column-is-layout-flow\" style=\"flex-basis:100%\">\n<h2 class=\"wp-block-heading\">Servicios profesionales adaptados a tu proyecto<\/h2>\n\n\n\n<p>Desde la concepci\u00f3n inicial hasta la entrega final, proporcionamos la experiencia y supervisi\u00f3n necesarias para asegurar el \u00e9xito de tu inversi\u00f3n.<\/p>\n<\/div>\n\n\n\n<div class=\"wp-block-column is-layout-flow wp-block-column-is-layout-flow\" style=\"flex-basis:100%\"><\/div>\n<\/div>\n<\/div>\n\n\n\n<div class=\"wp-block-query alignwide is-layout-flow wp-block-query-is-layout-flow\">\n\n\n<div class=\"wp-block-group is-layout-flow wp-container-core-group-is-layout-761d9976 wp-block-group-is-layout-flow\" style=\"margin-top:0;margin-bottom:0;padding-top:var(--wp--preset--spacing--50);padding-right:0;padding-bottom:var(--wp--preset--spacing--50);padding-left:0\"><ul class=\"columns-3 alignfull wp-block-post-template is-layout-grid wp-container-core-post-template-is-layout-fa38c3f2 wp-block-post-template-is-layout-grid\"><li class=\"wp-block-post post-1845 page type-page status-publish hentry\">\n\n\n\n<div class=\"wp-block-group is-vertical is-nowrap is-layout-flex wp-container-core-group-is-layout-8657fc65 wp-block-group-is-layout-flex\" style=\"margin-top:var(--wp--preset--spacing--20);margin-bottom:var(--wp--preset--spacing--20);padding-top:0\"><h2 class=\"wp-block-post-title has-large-font-size wp-container-content-32e3a40d\"><a href=\"https:\/\/rdjproject.com\/en\/servicios\/1845-2\/\" target=\"_self\" >Acompa\u00f1amiento \/ Owner&#8217;s Rep<\/a><\/h2>\n\n<div style=\"margin-top:0;margin-bottom:0;margin-left:0;margin-right:0;\" class=\"wp-block-post-excerpt has-text-color has-contrast-2-color has-small-font-size wp-container-content-32e3a40d\"><p class=\"wp-block-post-excerpt__excerpt\">Acompa\u00f1amiento \/ Owner&#8217;s Rep Representaci\u00f3n experta del propietario durante toda la fase de dise\u00f1o y construcci\u00f3n, protegiendo tus intereses en cada decisi\u00f3n. \u00bfQu\u00e9 es? Actuamos&hellip; <\/p><\/div><\/div>\n\n<\/li><li class=\"wp-block-post post-1842 page type-page status-publish hentry\">\n\n\n\n<div class=\"wp-block-group is-vertical is-nowrap is-layout-flex wp-container-core-group-is-layout-8657fc65 wp-block-group-is-layout-flex\" style=\"margin-top:var(--wp--preset--spacing--20);margin-bottom:var(--wp--preset--spacing--20);padding-top:0\"><h2 class=\"wp-block-post-title has-large-font-size wp-container-content-32e3a40d\"><a href=\"https:\/\/rdjproject.com\/en\/servicios\/1842-2\/\" target=\"_self\" >Clear Preconstruction Roadmap<\/a><\/h2>\n\n<div style=\"margin-top:0;margin-bottom:0;margin-left:0;margin-right:0;\" class=\"wp-block-post-excerpt has-text-color has-contrast-2-color has-small-font-size wp-container-content-32e3a40d\"><p class=\"wp-block-post-excerpt__excerpt\">Ruta Clara de Preconstrucci\u00f3n Planificaci\u00f3n estrat\u00e9gica detallada para alinear dise\u00f1o, presupuesto y cronograma antes de iniciar la obra. \u00bfQu\u00e9 es? Un servicio de estructuraci\u00f3n metodol\u00f3gica&hellip; <\/p><\/div><\/div>\n\n<\/li><li class=\"wp-block-post post-1822 page type-page status-publish hentry\">\n\n\n\n<div class=\"wp-block-group is-vertical is-nowrap is-layout-flex wp-container-core-group-is-layout-8657fc65 wp-block-group-is-layout-flex\" style=\"margin-top:var(--wp--preset--spacing--20);margin-bottom:var(--wp--preset--spacing--20);padding-top:0\"><h2 class=\"wp-block-post-title has-large-font-size wp-container-content-32e3a40d\"><a href=\"https:\/\/rdjproject.com\/en\/servicios\/diagnostico-de-riesgo-del-proyecto\/\" target=\"_self\" >Diagn\u00f3stico de Riesgo del Proyecto<\/a><\/h2>\n\n<div style=\"margin-top:0;margin-bottom:0;margin-left:0;margin-right:0;\" class=\"wp-block-post-excerpt has-text-color has-contrast-2-color has-small-font-size wp-container-content-32e3a40d\"><p class=\"wp-block-post-excerpt__excerpt\">Diagn\u00f3stico de Riesgo del Proyecto Identificaci\u00f3n temprana de vulnerabilidades y riesgos potenciales antes de comprometer capital significativo en tu desarrollo inmobiliario. \u00bfQu\u00e9 es? Es una&hellip; <\/p><\/div><\/div>\n\n<\/li><\/ul>\n\n<\/div>\n<\/div>","protected":false},"excerpt":{"rendered":"<p>Servicios profesionales adaptados a tu proyecto Desde la concepci\u00f3n inicial hasta la entrega final, proporcionamos la experiencia y supervisi\u00f3n necesarias para asegurar el \u00e9xito de tu inversi\u00f3n.<\/p>","protected":false},"author":1,"featured_media":0,"parent":0,"menu_order":0,"comment_status":"closed","ping_status":"closed","template":"","meta":{"footnotes":""},"class_list":["post-1817","page","type-page","status-publish","hentry"],"_links":{"self":[{"href":"https:\/\/rdjproject.com\/en\/wp-json\/wp\/v2\/pages\/1817","targetHints":{"allow":["GET"]}}],"collection":[{"href":"https:\/\/rdjproject.com\/en\/wp-json\/wp\/v2\/pages"}],"about":[{"href":"https:\/\/rdjproject.com\/en\/wp-json\/wp\/v2\/types\/page"}],"author":[{"embeddable":true,"href":"https:\/\/rdjproject.com\/en\/wp-json\/wp\/v2\/users\/1"}],"replies":[{"embeddable":true,"href":"https:\/\/rdjproject.com\/en\/wp-json\/wp\/v2\/comments?post=1817"}],"version-history":[{"count":9,"href":"https:\/\/rdjproject.com\/en\/wp-json\/wp\/v2\/pages\/1817\/revisions"}],"predecessor-version":[{"id":1838,"href":"https:\/\/rdjproject.com\/en\/wp-json\/wp\/v2\/pages\/1817\/revisions\/1838"}],"wp:attachment":[{"href":"https:\/\/rdjproject.com\/en\/wp-json\/wp\/v2\/media?parent=1817"}],"curies":[{"name":"wp","href":"https:\/\/api.w.org\/{rel}","templated":true}]}}