{"id":1071,"date":"2025-12-12T08:26:48","date_gmt":"2025-12-12T14:26:48","guid":{"rendered":"https:\/\/rdjproject.com\/?page_id=1071"},"modified":"2025-12-12T12:30:52","modified_gmt":"2025-12-12T18:30:52","slug":"blog","status":"publish","type":"page","link":"https:\/\/rdjproject.com\/en\/blog\/","title":{"rendered":"Blog"},"content":{"rendered":"\n<div class=\"wp-block-query is-layout-flow wp-block-query-is-layout-flow\"><ul class=\"columns-3 wp-block-post-template is-layout-grid wp-container-core-post-template-is-layout-6d3fbd8f wp-block-post-template-is-layout-grid\"><li class=\"wp-block-post post-758 post type-post status-publish format-standard has-post-thumbnail hentry category-blog tag-blog\">\n<figure class=\"alignwide wp-block-post-featured-image\"><a href=\"https:\/\/rdjproject.com\/en\/1-2\/\" target=\"_self\"  ><img loading=\"lazy\" decoding=\"async\" width=\"1024\" height=\"768\" src=\"https:\/\/rdjproject.com\/wp-content\/uploads\/2025\/07\/PMP-EN-PROYECTOS.png\" class=\"attachment-post-thumbnail size-post-thumbnail wp-post-image\" alt=\"\u00bfQu\u00e9 es PMP y para qu\u00e9 sirve? La br\u00fajula del \u00e9xito en proyectos AEC.\" style=\"border-top-left-radius:15px;border-top-right-radius:15px;border-bottom-left-radius:15px;border-bottom-right-radius:15px;object-fit:cover;\" srcset=\"https:\/\/rdjproject.com\/wp-content\/uploads\/2025\/07\/PMP-EN-PROYECTOS.png 1024w, https:\/\/rdjproject.com\/wp-content\/uploads\/2025\/07\/PMP-EN-PROYECTOS-300x225.png 300w, https:\/\/rdjproject.com\/wp-content\/uploads\/2025\/07\/PMP-EN-PROYECTOS-768x576.png 768w\" sizes=\"auto, (max-width: 1024px) 100vw, 1024px\" \/><\/a><\/figure>\n\n<h2 class=\"wp-block-post-title\"><a href=\"https:\/\/rdjproject.com\/en\/1-2\/\" target=\"_self\" >\u00bfQu\u00e9 es PMP y para qu\u00e9 sirve? La br\u00fajula del \u00e9xito en proyectos AEC.<\/a><\/h2>\n\n<div class=\"wp-block-post-excerpt\"><p class=\"wp-block-post-excerpt__excerpt\">Cuando hablamos de construir algo \u2014ya sea un edificio, una carretera o una empresa\u2014 tener planos no es opcional, es [&hellip;] <\/p><\/div>\n\n\n<hr class=\"wp-block-separator has-css-opacity\"\/>\n\n\n<div class=\"wp-block-post-date\"><time datetime=\"2025-07-09T22:27:49-06:00\">9 de July de 2025<\/time><\/div>\n<\/li><li class=\"wp-block-post post-760 post type-post status-publish format-standard has-post-thumbnail hentry category-blog tag-blog\">\n<figure class=\"alignwide wp-block-post-featured-image\"><a href=\"https:\/\/rdjproject.com\/en\/2-2\/\" target=\"_self\"  ><img loading=\"lazy\" decoding=\"async\" width=\"1024\" height=\"768\" src=\"https:\/\/rdjproject.com\/wp-content\/uploads\/2025\/07\/PMP.png\" class=\"attachment-post-thumbnail size-post-thumbnail wp-post-image\" alt=\"\u00bfC\u00f3mo ordenar el caos? El poder de la gesti\u00f3n de proyectos PMBOK en arquitectura, ingenier\u00eda y construcci\u00f3n (AEC)\" style=\"border-top-left-radius:15px;border-top-right-radius:15px;border-bottom-left-radius:15px;border-bottom-right-radius:15px;object-fit:cover;\" srcset=\"https:\/\/rdjproject.com\/wp-content\/uploads\/2025\/07\/PMP.png 1024w, https:\/\/rdjproject.com\/wp-content\/uploads\/2025\/07\/PMP-300x225.png 300w, https:\/\/rdjproject.com\/wp-content\/uploads\/2025\/07\/PMP-768x576.png 768w\" sizes=\"auto, (max-width: 1024px) 100vw, 1024px\" \/><\/a><\/figure>\n\n<h2 class=\"wp-block-post-title\"><a href=\"https:\/\/rdjproject.com\/en\/2-2\/\" target=\"_self\" >\u00bfC\u00f3mo ordenar el caos? El poder de la gesti\u00f3n de proyectos PMBOK en arquitectura, ingenier\u00eda y construcci\u00f3n (AEC)<\/a><\/h2>\n\n<div class=\"wp-block-post-excerpt\"><p class=\"wp-block-post-excerpt__excerpt\">\u00bfAlguna vez has sentido que est\u00e1s apagando incendios todo el d\u00eda en tu proyecto? Reuniones sin rumbo, planos que cambian [&hellip;] <\/p><\/div>\n\n\n<hr class=\"wp-block-separator has-css-opacity\"\/>\n\n\n<div class=\"wp-block-post-date\"><time datetime=\"2025-07-09T22:27:41-06:00\">9 de July de 2025<\/time><\/div>\n<\/li><li class=\"wp-block-post post-762 post type-post status-publish format-standard has-post-thumbnail hentry category-blog tag-blog\">\n<figure class=\"alignwide wp-block-post-featured-image\"><a href=\"https:\/\/rdjproject.com\/en\/3-2\/\" target=\"_self\"  ><img loading=\"lazy\" decoding=\"async\" width=\"1024\" height=\"768\" src=\"https:\/\/rdjproject.com\/wp-content\/uploads\/2025\/07\/DIRECTOR-DE-PROYECTOS.png\" class=\"attachment-post-thumbnail size-post-thumbnail wp-post-image\" alt=\"\u00bfY si el director del proyecto fuera tu escudo contra fraudes? (funciones de un director de proyectos\/ project manager)\" style=\"border-top-left-radius:15px;border-top-right-radius:15px;border-bottom-left-radius:15px;border-bottom-right-radius:15px;object-fit:cover;\" srcset=\"https:\/\/rdjproject.com\/wp-content\/uploads\/2025\/07\/DIRECTOR-DE-PROYECTOS.png 1024w, https:\/\/rdjproject.com\/wp-content\/uploads\/2025\/07\/DIRECTOR-DE-PROYECTOS-300x225.png 300w, https:\/\/rdjproject.com\/wp-content\/uploads\/2025\/07\/DIRECTOR-DE-PROYECTOS-768x576.png 768w\" sizes=\"auto, (max-width: 1024px) 100vw, 1024px\" \/><\/a><\/figure>\n\n<h2 class=\"wp-block-post-title\"><a href=\"https:\/\/rdjproject.com\/en\/3-2\/\" target=\"_self\" >\u00bfY si el director del proyecto fuera tu escudo contra fraudes? (funciones de un director de proyectos\/ project manager)<\/a><\/h2>\n\n<div class=\"wp-block-post-excerpt\"><p class=\"wp-block-post-excerpt__excerpt\">Cuando est\u00e1s por construir o remodelar, probablemente has escuchado historias de terror: presupuestos que se duplican, materiales que nunca llegan, [&hellip;] <\/p><\/div>\n\n\n<hr class=\"wp-block-separator has-css-opacity\"\/>\n\n\n<div class=\"wp-block-post-date\"><time datetime=\"2025-07-09T22:27:41-06:00\">9 de July de 2025<\/time><\/div>\n<\/li><li class=\"wp-block-post post-764 post type-post status-publish format-standard has-post-thumbnail hentry category-blog tag-blog\">\n<figure class=\"alignwide wp-block-post-featured-image\"><a href=\"https:\/\/rdjproject.com\/en\/4-2\/\" target=\"_self\"  ><img loading=\"lazy\" decoding=\"async\" width=\"1024\" height=\"768\" src=\"https:\/\/rdjproject.com\/wp-content\/uploads\/2025\/07\/QUE-ES-UN-PROYECTO.png\" class=\"attachment-post-thumbnail size-post-thumbnail wp-post-image\" alt=\"\u00bfQu\u00e9 es un proyecto y por qu\u00e9 es clave tenerlo claro desde el inicio?\" style=\"border-top-left-radius:15px;border-top-right-radius:15px;border-bottom-left-radius:15px;border-bottom-right-radius:15px;object-fit:cover;\" srcset=\"https:\/\/rdjproject.com\/wp-content\/uploads\/2025\/07\/QUE-ES-UN-PROYECTO.png 1024w, https:\/\/rdjproject.com\/wp-content\/uploads\/2025\/07\/QUE-ES-UN-PROYECTO-300x225.png 300w, https:\/\/rdjproject.com\/wp-content\/uploads\/2025\/07\/QUE-ES-UN-PROYECTO-768x576.png 768w\" sizes=\"auto, (max-width: 1024px) 100vw, 1024px\" \/><\/a><\/figure>\n\n<h2 class=\"wp-block-post-title\"><a href=\"https:\/\/rdjproject.com\/en\/4-2\/\" target=\"_self\" >\u00bfQu\u00e9 es un proyecto y por qu\u00e9 es clave tenerlo claro desde el inicio?<\/a><\/h2>\n\n<div class=\"wp-block-post-excerpt\"><p class=\"wp-block-post-excerpt__excerpt\">Un proyecto no es solo una idea bonita ni una lista de deseos. En arquitectura, dise\u00f1o y construcci\u00f3n, un proyecto [&hellip;] <\/p><\/div>\n\n\n<hr class=\"wp-block-separator has-css-opacity\"\/>\n\n\n<div class=\"wp-block-post-date\"><time datetime=\"2025-07-09T22:27:41-06:00\">9 de July de 2025<\/time><\/div>\n<\/li><\/ul><\/div>\n","protected":false},"excerpt":{"rendered":"","protected":false},"author":1,"featured_media":0,"parent":0,"menu_order":0,"comment_status":"closed","ping_status":"closed","template":"","meta":{"site-sidebar-layout":"default","site-content-layout":"","ast-site-content-layout":"default","site-content-style":"default","site-sidebar-style":"default","ast-global-header-display":"","ast-banner-title-visibility":"","ast-main-header-display":"","ast-hfb-above-header-display":"","ast-hfb-below-header-display":"","ast-hfb-mobile-header-display":"","site-post-title":"disabled","ast-breadcrumbs-content":"","ast-featured-img":"","footer-sml-layout":"","ast-disable-related-posts":"","theme-transparent-header-meta":"","adv-header-id-meta":"","stick-header-meta":"","header-above-stick-meta":"","header-main-stick-meta":"","header-below-stick-meta":"","astra-migrate-meta-layouts":"default","ast-page-background-enabled":"default","ast-page-background-meta":{"desktop":{"background-color":"var(--ast-global-color-5)","background-image":"","background-repeat":"repeat","background-position":"center center","background-size":"auto","background-attachment":"scroll","background-type":"","background-media":"","overlay-type":"","overlay-color":"","overlay-opacity":"","overlay-gradient":""},"tablet":{"background-color":"","background-image":"","background-repeat":"repeat","background-position":"center center","background-size":"auto","background-attachment":"scroll","background-type":"","background-media":"","overlay-type":"","overlay-color":"","overlay-opacity":"","overlay-gradient":""},"mobile":{"background-color":"","background-image":"","background-repeat":"repeat","background-position":"center center","background-size":"auto","background-attachment":"scroll","background-type":"","background-media":"","overlay-type":"","overlay-color":"","overlay-opacity":"","overlay-gradient":""}},"ast-content-background-meta":{"desktop":{"background-color":"var(--ast-global-color-4)","background-image":"","background-repeat":"repeat","background-position":"center center","background-size":"auto","background-attachment":"scroll","background-type":"","background-media":"","overlay-type":"","overlay-color":"","overlay-opacity":"","overlay-gradient":""},"tablet":{"background-color":"var(--ast-global-color-4)","background-image":"","background-repeat":"repeat","background-position":"center center","background-size":"auto","background-attachment":"scroll","background-type":"","background-media":"","overlay-type":"","overlay-color":"","overlay-opacity":"","overlay-gradient":""},"mobile":{"background-color":"var(--ast-global-color-4)","background-image":"","background-repeat":"repeat","background-position":"center center","background-size":"auto","background-attachment":"scroll","background-type":"","background-media":"","overlay-type":"","overlay-color":"","overlay-opacity":"","overlay-gradient":""}},"footnotes":""},"class_list":["post-1071","page","type-page","status-publish","hentry"],"_links":{"self":[{"href":"https:\/\/rdjproject.com\/en\/wp-json\/wp\/v2\/pages\/1071","targetHints":{"allow":["GET"]}}],"collection":[{"href":"https:\/\/rdjproject.com\/en\/wp-json\/wp\/v2\/pages"}],"about":[{"href":"https:\/\/rdjproject.com\/en\/wp-json\/wp\/v2\/types\/page"}],"author":[{"embeddable":true,"href":"https:\/\/rdjproject.com\/en\/wp-json\/wp\/v2\/users\/1"}],"replies":[{"embeddable":true,"href":"https:\/\/rdjproject.com\/en\/wp-json\/wp\/v2\/comments?post=1071"}],"version-history":[{"count":3,"href":"https:\/\/rdjproject.com\/en\/wp-json\/wp\/v2\/pages\/1071\/revisions"}],"predecessor-version":[{"id":1114,"href":"https:\/\/rdjproject.com\/en\/wp-json\/wp\/v2\/pages\/1071\/revisions\/1114"}],"wp:attachment":[{"href":"https:\/\/rdjproject.com\/en\/wp-json\/wp\/v2\/media?parent=1071"}],"curies":[{"name":"wp","href":"https:\/\/api.w.org\/{rel}","templated":true}]}}